{"id":137,"date":"2023-01-06T10:12:53","date_gmt":"2023-01-06T09:12:53","guid":{"rendered":"https:\/\/agatelier.be\/?page_id=137"},"modified":"2023-01-06T16:07:18","modified_gmt":"2023-01-06T15:07:18","slug":"deantologie","status":"publish","type":"page","link":"https:\/\/agatelier.be\/index.php\/deantologie\/","title":{"rendered":"D\u00e9ontologie"},"content":{"rendered":"\n<div class=\"wp-block-columns is-layout-flex wp-container-core-columns-is-layout-9d6595d7 wp-block-columns-is-layout-flex\">\n<div class=\"wp-block-column is-layout-flow wp-block-column-is-layout-flow\" style=\"flex-basis:33.33%\"><div class=\"wp-block-image\">\n<figure class=\"aligncenter size-full\"><img loading=\"lazy\" decoding=\"async\" width=\"357\" height=\"296\" src=\"https:\/\/agatelier.be\/wp-content\/uploads\/2023\/01\/Rea4.png\" alt=\"\" class=\"wp-image-43\" srcset=\"https:\/\/agatelier.be\/wp-content\/uploads\/2023\/01\/Rea4.png 357w, https:\/\/agatelier.be\/wp-content\/uploads\/2023\/01\/Rea4-300x249.png 300w\" sizes=\"auto, (max-width: 357px) 100vw, 357px\" \/><\/figure>\n<\/div><\/div>\n\n\n\n<div class=\"wp-block-column is-layout-flow wp-block-column-is-layout-flow\" style=\"flex-basis:66.66%\">\n<p>La restauration d\u2019une \u0153uvre d\u2019art est soumise \u00e0 un code de d\u00e9ontologie qui a \u00e9t\u00e9 \u00e9tabli par la European Confederation of Conservators-Restorers (<a href=\"https:\/\/www.ecco-eu.org\/\">https:\/\/www.ecco-eu.org\/<\/a>). Ce code guide le restaurateur-conservateur dans sa pratique en lui donnant un cadre de r\u00e9f\u00e9rence, notamment&nbsp;:<\/p>\n\n\n\n<ul class=\"wp-block-list\">\n<li>Le Conservateur-Restaurateur respectera la signification esth\u00e9tique, historique et spirituelle ainsi que l\u2019int\u00e9grit\u00e9 physique du patrimoine culturel qui lui est confi\u00e9 (art. 5)<\/li>\n\n\n\n<li>Le Conservateur-Restaurateur devrait prendre en compte tous les aspects de la conservation pr\u00e9ventive avant d\u2019effectuer des travaux physiques sur le patrimoine culturel et devrait limiter le traitement \u00e0 ce qui est seulement n\u00e9cessaire (art.&nbsp;8)<\/li>\n\n\n\n<li>Le Conservateur-Restaurateur s\u2019efforcera de n\u2019utiliser que des produits, des mat\u00e9riaux et des proc\u00e9dures qui, selon le niveau actuel des connaissances, ne porteront pas atteinte au patrimoine culturel, \u00e0 l\u2019environnement ou aux personnes. L\u2019action elle-m\u00eame et les mat\u00e9riaux utilis\u00e9s ne devraient pas interf\u00e9rer, dans la mesure du possible, avec tout examen, traitement ou analyse futurs. Ils doivent \u00e9galement \u00eatre compatibles avec les mat\u00e9riaux du patrimoine culturel et \u00eatre aussi facilement et compl\u00e8tement r\u00e9versibles que possible (art.9)<\/li>\n\n\n\n<li>Le traitement de conservation-restauration du patrimoine culturel doit \u00eatre consign\u00e9 dans des rapports \u00e9crits et illustr\u00e9s incluant l\u2019examen pr\u00e9liminaire, le diagnostic, toute intervention de conservation\/restauration et les autres informations pertinentes (art.10)<\/li>\n\n\n\n<li>Le Conservateur-Restaurateur ne doit pas retirer de mat\u00e9riau du patrimoine culturel \u00e0 moins que cela ne soit indispensable \u00e0 sa pr\u00e9servation ou qu\u2019il porte atteinte de mani\u00e8re substantielle avec la valeur historique et esth\u00e9tique du patrimoine culturel. Les mat\u00e9riaux retir\u00e9s seront conserv\u00e9s, si possible, et la proc\u00e9dure enti\u00e8rement document\u00e9e (art.15)<\/li>\n<\/ul>\n<\/div>\n<\/div>\n","protected":false},"excerpt":{"rendered":"","protected":false},"author":1,"featured_media":0,"parent":0,"menu_order":0,"comment_status":"closed","ping_status":"closed","template":"","meta":{"footnotes":""},"class_list":["post-137","page","type-page","status-publish","hentry"],"_links":{"self":[{"href":"https:\/\/agatelier.be\/index.php\/wp-json\/wp\/v2\/pages\/137","targetHints":{"allow":["GET"]}}],"collection":[{"href":"https:\/\/agatelier.be\/index.php\/wp-json\/wp\/v2\/pages"}],"about":[{"href":"https:\/\/agatelier.be\/index.php\/wp-json\/wp\/v2\/types\/page"}],"author":[{"embeddable":true,"href":"https:\/\/agatelier.be\/index.php\/wp-json\/wp\/v2\/users\/1"}],"replies":[{"embeddable":true,"href":"https:\/\/agatelier.be\/index.php\/wp-json\/wp\/v2\/comments?post=137"}],"version-history":[{"count":5,"href":"https:\/\/agatelier.be\/index.php\/wp-json\/wp\/v2\/pages\/137\/revisions"}],"predecessor-version":[{"id":189,"href":"https:\/\/agatelier.be\/index.php\/wp-json\/wp\/v2\/pages\/137\/revisions\/189"}],"wp:attachment":[{"href":"https:\/\/agatelier.be\/index.php\/wp-json\/wp\/v2\/media?parent=137"}],"curies":[{"name":"wp","href":"https:\/\/api.w.org\/{rel}","templated":true}]}}