{"id":104,"date":"2023-01-06T09:37:25","date_gmt":"2023-01-06T08:37:25","guid":{"rendered":"https:\/\/agatelier.be\/?page_id=104"},"modified":"2023-01-06T16:08:26","modified_gmt":"2023-01-06T15:08:26","slug":"contact","status":"publish","type":"page","link":"https:\/\/agatelier.be\/index.php\/contact\/","title":{"rendered":"Contact"},"content":{"rendered":"\n<p><\/p>\n\n\n\n<div class=\"wp-block-columns is-layout-flex wp-container-core-columns-is-layout-9d6595d7 wp-block-columns-is-layout-flex\">\n<div class=\"wp-block-column is-layout-flow wp-block-column-is-layout-flow\" style=\"flex-basis:33.33%\">\n<figure class=\"wp-block-image size-large\"><img loading=\"lazy\" decoding=\"async\" width=\"1024\" height=\"548\" src=\"https:\/\/agatelier.be\/wp-content\/uploads\/2023\/01\/cropped-repa4-1-1024x548.png\" alt=\"\" class=\"wp-image-162\" srcset=\"https:\/\/agatelier.be\/wp-content\/uploads\/2023\/01\/cropped-repa4-1-1024x548.png 1024w, https:\/\/agatelier.be\/wp-content\/uploads\/2023\/01\/cropped-repa4-1-300x161.png 300w, https:\/\/agatelier.be\/wp-content\/uploads\/2023\/01\/cropped-repa4-1-768x411.png 768w, https:\/\/agatelier.be\/wp-content\/uploads\/2023\/01\/cropped-repa4-1-1536x822.png 1536w, https:\/\/agatelier.be\/wp-content\/uploads\/2023\/01\/cropped-repa4-1.png 2000w\" sizes=\"auto, (max-width: 767px) 89vw, (max-width: 1000px) 54vw, (max-width: 1071px) 543px, 580px\" \/><\/figure>\n<\/div>\n\n\n\n<div class=\"wp-block-column is-layout-flow wp-block-column-is-layout-flow\" style=\"flex-basis:66.66%\">\n<p>Je me d\u00e9place chez vous afin de vous \u00e9tablir des devis gratuits et personnalis\u00e9s.<\/p>\n\n\n\n<p>N\u2019h\u00e9sitez pas \u00e0 me contacter&nbsp;!<\/p>\n\n\n\n<p><a href=\"mailto:email.aude@gmail.com\">email.aude@gmail.com<\/a><\/p>\n\n\n\n<p><a href=\"tel:+32474380838\">+32 474 38 08 38<\/a><\/p>\n<\/div>\n<\/div>\n\n\n\n<p><\/p>\n","protected":false},"excerpt":{"rendered":"<p>Je me d\u00e9place chez vous afin de vous \u00e9tablir des devis gratuits et personnalis\u00e9s. N\u2019h\u00e9sitez pas \u00e0 me contacter&nbsp;! email.aude@gmail.com +32 474 38 08 38<\/p>\n","protected":false},"author":1,"featured_media":0,"parent":0,"menu_order":0,"comment_status":"closed","ping_status":"closed","template":"","meta":{"footnotes":""},"class_list":["post-104","page","type-page","status-publish","hentry"],"_links":{"self":[{"href":"https:\/\/agatelier.be\/index.php\/wp-json\/wp\/v2\/pages\/104","targetHints":{"allow":["GET"]}}],"collection":[{"href":"https:\/\/agatelier.be\/index.php\/wp-json\/wp\/v2\/pages"}],"about":[{"href":"https:\/\/agatelier.be\/index.php\/wp-json\/wp\/v2\/types\/page"}],"author":[{"embeddable":true,"href":"https:\/\/agatelier.be\/index.php\/wp-json\/wp\/v2\/users\/1"}],"replies":[{"embeddable":true,"href":"https:\/\/agatelier.be\/index.php\/wp-json\/wp\/v2\/comments?post=104"}],"version-history":[{"count":4,"href":"https:\/\/agatelier.be\/index.php\/wp-json\/wp\/v2\/pages\/104\/revisions"}],"predecessor-version":[{"id":191,"href":"https:\/\/agatelier.be\/index.php\/wp-json\/wp\/v2\/pages\/104\/revisions\/191"}],"wp:attachment":[{"href":"https:\/\/agatelier.be\/index.php\/wp-json\/wp\/v2\/media?parent=104"}],"curies":[{"name":"wp","href":"https:\/\/api.w.org\/{rel}","templated":true}]}}