{"id":102,"date":"2023-01-06T09:37:25","date_gmt":"2023-01-06T08:37:25","guid":{"rendered":"https:\/\/agatelier.be\/?page_id=102"},"modified":"2023-03-03T14:00:08","modified_gmt":"2023-03-03T13:00:08","slug":"accueil","status":"publish","type":"page","link":"https:\/\/agatelier.be\/","title":{"rendered":"Accueil"},"content":{"rendered":"\n<div class=\"wp-block-columns is-layout-flex wp-container-core-columns-is-layout-9d6595d7 wp-block-columns-is-layout-flex\">\n<div class=\"wp-block-column is-layout-flow wp-block-column-is-layout-flow\" style=\"flex-basis:33.33%\">\n<figure class=\"wp-block-image size-full\"><img loading=\"lazy\" decoding=\"async\" width=\"709\" height=\"945\" src=\"https:\/\/agatelier.be\/wp-content\/uploads\/2023\/01\/aude.png\" alt=\"\" class=\"wp-image-32\" srcset=\"https:\/\/agatelier.be\/wp-content\/uploads\/2023\/01\/aude.png 709w, https:\/\/agatelier.be\/wp-content\/uploads\/2023\/01\/aude-225x300.png 225w\" sizes=\"auto, (max-width: 709px) 100vw, 709px\" \/><\/figure>\n<\/div>\n\n\n\n<div class=\"wp-block-column is-layout-flow wp-block-column-is-layout-flow\" style=\"flex-basis:66.66%\">\n<p>Apr\u00e8s des \u00e9tudes en philosophie et lettres, j\u2019ai travaill\u00e9 pendant plus de 18 ans en ressources humaines dans le secteur associatif et j\u2019ai toujours trouv\u00e9 dans la dimension sociale de mon travail une source de motivation.<\/p>\n\n\n\n<p>Cependant, il y a quelques ann\u00e9es, j\u2019ai eu l\u2019envie d\u2019exercer un m\u00e9tier li\u00e9 au patrimoine, pour pr\u00e9server les \u0153uvres d\u2019art, tenter d\u2019enrayer leur d\u00e9t\u00e9rioration ou leur disparition et les transmettre aux g\u00e9n\u00e9rations futures. C\u2019est ce qui m\u2019a fait reprendre des \u00e9tudes de restauratrice-conservatrice en 2017 \u00e0 l\u2019IFAPME (<a href=\"https:\/\/www.ifapme.be\/formations\/chef-dentreprise\/restaurateur-de-peintures-de-chevalet\" target=\"_blank\" rel=\"noreferrer noopener\">https:\/\/www.ifapme.be\/formations\/chef-dentreprise\/restaurateur-de-peintures-de-chevalet<\/a>). Cette formation de 3 ans m\u2019a donn\u00e9 un bagage tant pratique que th\u00e9orique, avec des cours d\u2019histoire de l\u2019art, de d\u00e9ontologie, de technologie, de chimie appliqu\u00e9e, de dessin,\u2026<\/p>\n\n\n\n<p>Au-del\u00e0 de sa dimension historique, ce m\u00e9tier a \u00e9galement un aspect concret et manuel. Pr\u00e9cise et m\u00e9ticuleuse, je mets en \u0153uvre diff\u00e9rentes techniques pour accomplir un travail soign\u00e9. <\/p>\n<\/div>\n<\/div>\n","protected":false},"excerpt":{"rendered":"<p>Apr\u00e8s des \u00e9tudes en philosophie et lettres, j\u2019ai travaill\u00e9 pendant plus de 18 ans en ressources humaines dans le secteur associatif et j\u2019ai toujours trouv\u00e9 dans la dimension sociale de mon travail une source de motivation. Cependant, il y a quelques ann\u00e9es, j\u2019ai eu l\u2019envie d\u2019exercer un m\u00e9tier li\u00e9 au patrimoine, pour pr\u00e9server les \u0153uvres &hellip; <\/p>\n<p class=\"link-more\"><a href=\"https:\/\/agatelier.be\/\" class=\"more-link\">Continuer la lecture<span class=\"screen-reader-text\"> de &laquo;&nbsp;Accueil&nbsp;&raquo;<\/span><\/a><\/p>\n","protected":false},"author":1,"featured_media":0,"parent":0,"menu_order":0,"comment_status":"closed","ping_status":"closed","template":"","meta":{"footnotes":""},"class_list":["post-102","page","type-page","status-publish","hentry"],"_links":{"self":[{"href":"https:\/\/agatelier.be\/index.php\/wp-json\/wp\/v2\/pages\/102","targetHints":{"allow":["GET"]}}],"collection":[{"href":"https:\/\/agatelier.be\/index.php\/wp-json\/wp\/v2\/pages"}],"about":[{"href":"https:\/\/agatelier.be\/index.php\/wp-json\/wp\/v2\/types\/page"}],"author":[{"embeddable":true,"href":"https:\/\/agatelier.be\/index.php\/wp-json\/wp\/v2\/users\/1"}],"replies":[{"embeddable":true,"href":"https:\/\/agatelier.be\/index.php\/wp-json\/wp\/v2\/comments?post=102"}],"version-history":[{"count":8,"href":"https:\/\/agatelier.be\/index.php\/wp-json\/wp\/v2\/pages\/102\/revisions"}],"predecessor-version":[{"id":207,"href":"https:\/\/agatelier.be\/index.php\/wp-json\/wp\/v2\/pages\/102\/revisions\/207"}],"wp:attachment":[{"href":"https:\/\/agatelier.be\/index.php\/wp-json\/wp\/v2\/media?parent=102"}],"curies":[{"name":"wp","href":"https:\/\/api.w.org\/{rel}","templated":true}]}}